{"id":429,"date":"2025-03-24T22:10:22","date_gmt":"2025-03-25T01:10:22","guid":{"rendered":"https:\/\/www.paulofreitasribeiro.adv.br\/en\/?page_id=429"},"modified":"2025-06-26T11:43:50","modified_gmt":"2025-06-26T14:43:50","slug":"areas-of-practice","status":"publish","type":"page","link":"https:\/\/www.paulofreitasribeiro.adv.br\/en\/areas-of-practice\/","title":{"rendered":"\u00c1reas de Atua\u00e7\u00e3o"},"content":{"rendered":"\t\t<div data-elementor-type=\"wp-page\" data-elementor-id=\"429\" class=\"elementor elementor-429\" data-elementor-post-type=\"page\">\n\t\t\t\t\t\t<section class=\"elementor-section elementor-top-section elementor-element elementor-element-3beb6d4f elementor-section-boxed elementor-section-height-default elementor-section-height-default\" data-id=\"3beb6d4f\" data-element_type=\"section\" data-settings=\"{&quot;background_background&quot;:&quot;classic&quot;}\">\n\t\t\t\t\t\t\t<div class=\"elementor-background-overlay\"><\/div>\n\t\t\t\t\t\t\t<div class=\"elementor-container elementor-column-gap-default\">\n\t\t\t\t\t<div class=\"elementor-column elementor-col-100 elementor-top-column elementor-element elementor-element-1493531e\" data-id=\"1493531e\" data-element_type=\"column\">\n\t\t\t<div class=\"elementor-widget-wrap elementor-element-populated\">\n\t\t\t\t\t\t<div class=\"elementor-element elementor-element-628444e9 elementor-widget elementor-widget-heading\" data-id=\"628444e9\" data-element_type=\"widget\" data-widget_type=\"heading.default\">\n\t\t\t\t<div class=\"elementor-widget-container\">\n\t\t\t\t\t<h1 class=\"elementor-heading-title elementor-size-default\">Practice Areas<\/h1>\t\t\t\t<\/div>\n\t\t\t\t<\/div>\n\t\t\t\t\t<\/div>\n\t\t<\/div>\n\t\t\t\t\t<\/div>\n\t\t<\/section>\n\t\t\t\t<section class=\"elementor-section elementor-top-section elementor-element elementor-element-74571de3 elementor-section-boxed elementor-section-height-default elementor-section-height-default\" data-id=\"74571de3\" data-element_type=\"section\" data-settings=\"{&quot;background_background&quot;:&quot;classic&quot;}\">\n\t\t\t\t\t\t<div class=\"elementor-container elementor-column-gap-default\">\n\t\t\t\t\t<div class=\"elementor-column elementor-col-100 elementor-top-column elementor-element elementor-element-c18ff66\" data-id=\"c18ff66\" data-element_type=\"column\">\n\t\t\t<div class=\"elementor-widget-wrap elementor-element-populated\">\n\t\t\t\t\t\t<section class=\"elementor-section elementor-inner-section elementor-element elementor-element-6588e4f6 elementor-section-boxed elementor-section-height-default elementor-section-height-default\" data-id=\"6588e4f6\" data-element_type=\"section\">\n\t\t\t\t\t\t<div class=\"elementor-container elementor-column-gap-default\">\n\t\t\t\t\t<div class=\"elementor-column elementor-col-33 elementor-inner-column elementor-element elementor-element-6874b314\" data-id=\"6874b314\" data-element_type=\"column\">\n\t\t\t<div class=\"elementor-widget-wrap elementor-element-populated\">\n\t\t\t\t\t\t<div class=\"elementor-element elementor-element-1e39a038 pp-info-box-top elementor-widget elementor-widget-pp-info-box\" data-id=\"1e39a038\" data-element_type=\"widget\" data-widget_type=\"pp-info-box.default\">\n\t\t\t\t<div class=\"elementor-widget-container\">\n\t\t\t\t\t\t\t<a class=\"pp-info-box-container\" href=\"https:\/\/www.paulofreitasribeiro.adv.br\/en\/direito-penal-classico\/\">\n\t\t\t<div class=\"pp-info-box\">\n\t\t\t\t\t\t\t\t\t<div class=\"pp-info-box-icon-wrap\">\n\t\t\t\t\t\t\t\t\t\t\t\t\t\t<span class=\"pp-info-box-icon pp-icon\">\n\t\t\t<img fetchpriority=\"high\" decoding=\"async\" width=\"2560\" height=\"1707\" src=\"https:\/\/www.paulofreitasribeiro.adv.br\/en\/wp-content\/uploads\/2025\/06\/ESCR-PFREITAS_-2-_1_-scaled.webp\" class=\"attachment-full size-full wp-image-1561\" alt=\"\" srcset=\"https:\/\/www.paulofreitasribeiro.adv.br\/en\/wp-content\/uploads\/2025\/06\/ESCR-PFREITAS_-2-_1_-scaled.webp 2560w, https:\/\/www.paulofreitasribeiro.adv.br\/en\/wp-content\/uploads\/2025\/06\/ESCR-PFREITAS_-2-_1_-300x200.webp 300w, https:\/\/www.paulofreitasribeiro.adv.br\/en\/wp-content\/uploads\/2025\/06\/ESCR-PFREITAS_-2-_1_-1024x683.webp 1024w, https:\/\/www.paulofreitasribeiro.adv.br\/en\/wp-content\/uploads\/2025\/06\/ESCR-PFREITAS_-2-_1_-768x512.webp 768w, https:\/\/www.paulofreitasribeiro.adv.br\/en\/wp-content\/uploads\/2025\/06\/ESCR-PFREITAS_-2-_1_-1536x1024.webp 1536w, https:\/\/www.paulofreitasribeiro.adv.br\/en\/wp-content\/uploads\/2025\/06\/ESCR-PFREITAS_-2-_1_-2048x1365.webp 2048w\" sizes=\"(max-width: 2560px) 100vw, 2560px\" \/>\t\t<\/span>\n\t\t\t\t\t\t\t\t\t\t\t\t\t<\/div>\n\t\t\t\t\t\t\t\t<div class=\"pp-info-box-content\">\n\t\t\t\t\t<div class=\"pp-info-box-title-wrap\">\n\t\t\t\t\t\t\t\t\t\t\t\t\t<div class=\"pp-info-box-title-container\">\n\t\t\t\t\t\t\t\t<h4 class=\"pp-info-box-title\">\n\t\t\t\t\t\t\t\t\tCriminal <br>Law<br><br>\t\t\t\t\t\t\t\t<\/h4>\n\t\t\t\t\t\t\t<\/div>\n\t\t\t\t\t\t\t\t\t\t\t\t<\/div>\n\n\t\t\t\t\t\n\t\t\t\t\t\t\t\t\t\t\t\t\t\t<\/div>\n\t\t\t<\/div>\n\t\t<\/a>\n\t\t\t\t\t\t<\/div>\n\t\t\t\t<\/div>\n\t\t\t\t\t<\/div>\n\t\t<\/div>\n\t\t\t\t<div class=\"elementor-column elementor-col-33 elementor-inner-column elementor-element elementor-element-c42c45f\" data-id=\"c42c45f\" data-element_type=\"column\">\n\t\t\t<div class=\"elementor-widget-wrap elementor-element-populated\">\n\t\t\t\t\t\t<div class=\"elementor-element elementor-element-2f677647 pp-info-box-top elementor-widget elementor-widget-pp-info-box\" data-id=\"2f677647\" data-element_type=\"widget\" data-widget_type=\"pp-info-box.default\">\n\t\t\t\t<div class=\"elementor-widget-container\">\n\t\t\t\t\t\t\t<a class=\"pp-info-box-container\" href=\"https:\/\/www.paulofreitasribeiro.adv.br\/en\/direito-penal-economico\/\">\n\t\t\t<div class=\"pp-info-box\">\n\t\t\t\t\t\t\t\t\t<div class=\"pp-info-box-icon-wrap\">\n\t\t\t\t\t\t\t\t\t\t\t\t\t\t<span class=\"pp-info-box-icon pp-icon\">\n\t\t\t<img decoding=\"async\" width=\"2560\" height=\"1707\" src=\"https:\/\/www.paulofreitasribeiro.adv.br\/en\/wp-content\/uploads\/2025\/06\/ESCR-PFREITAS_-4-_1_-scaled.webp\" class=\"attachment-full size-full wp-image-1564\" alt=\"\" srcset=\"https:\/\/www.paulofreitasribeiro.adv.br\/en\/wp-content\/uploads\/2025\/06\/ESCR-PFREITAS_-4-_1_-scaled.webp 2560w, https:\/\/www.paulofreitasribeiro.adv.br\/en\/wp-content\/uploads\/2025\/06\/ESCR-PFREITAS_-4-_1_-300x200.webp 300w, https:\/\/www.paulofreitasribeiro.adv.br\/en\/wp-content\/uploads\/2025\/06\/ESCR-PFREITAS_-4-_1_-1024x683.webp 1024w, https:\/\/www.paulofreitasribeiro.adv.br\/en\/wp-content\/uploads\/2025\/06\/ESCR-PFREITAS_-4-_1_-768x512.webp 768w, https:\/\/www.paulofreitasribeiro.adv.br\/en\/wp-content\/uploads\/2025\/06\/ESCR-PFREITAS_-4-_1_-1536x1024.webp 1536w, https:\/\/www.paulofreitasribeiro.adv.br\/en\/wp-content\/uploads\/2025\/06\/ESCR-PFREITAS_-4-_1_-2048x1365.webp 2048w\" sizes=\"(max-width: 2560px) 100vw, 2560px\" \/>\t\t<\/span>\n\t\t\t\t\t\t\t\t\t\t\t\t\t<\/div>\n\t\t\t\t\t\t\t\t<div class=\"pp-info-box-content\">\n\t\t\t\t\t<div class=\"pp-info-box-title-wrap\">\n\t\t\t\t\t\t\t\t\t\t\t\t\t<div class=\"pp-info-box-title-container\">\n\t\t\t\t\t\t\t\t<h4 class=\"pp-info-box-title\">\n\t\t\t\t\t\t\t\t\tWhite-Collar<br> Crime<br><br>\t\t\t\t\t\t\t\t<\/h4>\n\t\t\t\t\t\t\t<\/div>\n\t\t\t\t\t\t\t\t\t\t\t\t<\/div>\n\n\t\t\t\t\t\n\t\t\t\t\t\t\t\t\t\t\t\t\t\t<\/div>\n\t\t\t<\/div>\n\t\t<\/a>\n\t\t\t\t\t\t<\/div>\n\t\t\t\t<\/div>\n\t\t\t\t\t<\/div>\n\t\t<\/div>\n\t\t\t\t<div class=\"elementor-column elementor-col-33 elementor-inner-column elementor-element elementor-element-523e7999\" data-id=\"523e7999\" data-element_type=\"column\">\n\t\t\t<div class=\"elementor-widget-wrap elementor-element-populated\">\n\t\t\t\t\t\t<div class=\"elementor-element elementor-element-2cb9bd24 pp-info-box-top elementor-widget elementor-widget-pp-info-box\" data-id=\"2cb9bd24\" data-element_type=\"widget\" data-widget_type=\"pp-info-box.default\">\n\t\t\t\t<div class=\"elementor-widget-container\">\n\t\t\t\t\t\t\t<a class=\"pp-info-box-container\" href=\"https:\/\/www.paulofreitasribeiro.adv.br\/en\/consultoria-penal-empresarial-e-gestao-de-crises\/\">\n\t\t\t<div class=\"pp-info-box\">\n\t\t\t\t\t\t\t\t\t<div class=\"pp-info-box-icon-wrap\">\n\t\t\t\t\t\t\t\t\t\t\t\t\t\t<span class=\"pp-info-box-icon pp-icon\">\n\t\t\t<img decoding=\"async\" width=\"2560\" height=\"1707\" src=\"https:\/\/www.paulofreitasribeiro.adv.br\/en\/wp-content\/uploads\/2025\/06\/ESCR-PFREITAS_-15-_1_-scaled.webp\" class=\"attachment-full size-full wp-image-1566\" alt=\"\" srcset=\"https:\/\/www.paulofreitasribeiro.adv.br\/en\/wp-content\/uploads\/2025\/06\/ESCR-PFREITAS_-15-_1_-scaled.webp 2560w, https:\/\/www.paulofreitasribeiro.adv.br\/en\/wp-content\/uploads\/2025\/06\/ESCR-PFREITAS_-15-_1_-300x200.webp 300w, https:\/\/www.paulofreitasribeiro.adv.br\/en\/wp-content\/uploads\/2025\/06\/ESCR-PFREITAS_-15-_1_-1024x683.webp 1024w, https:\/\/www.paulofreitasribeiro.adv.br\/en\/wp-content\/uploads\/2025\/06\/ESCR-PFREITAS_-15-_1_-768x512.webp 768w, https:\/\/www.paulofreitasribeiro.adv.br\/en\/wp-content\/uploads\/2025\/06\/ESCR-PFREITAS_-15-_1_-1536x1024.webp 1536w, https:\/\/www.paulofreitasribeiro.adv.br\/en\/wp-content\/uploads\/2025\/06\/ESCR-PFREITAS_-15-_1_-2048x1365.webp 2048w\" sizes=\"(max-width: 2560px) 100vw, 2560px\" \/>\t\t<\/span>\n\t\t\t\t\t\t\t\t\t\t\t\t\t<\/div>\n\t\t\t\t\t\t\t\t<div class=\"pp-info-box-content\">\n\t\t\t\t\t<div class=\"pp-info-box-title-wrap\">\n\t\t\t\t\t\t\t\t\t\t\t\t\t<div class=\"pp-info-box-title-container\">\n\t\t\t\t\t\t\t\t<h4 class=\"pp-info-box-title\">\n\t\t\t\t\t\t\t\t\tCorporate Criminal Advisory and Crisis Management\t\t\t\t\t\t\t\t<\/h4>\n\t\t\t\t\t\t\t<\/div>\n\t\t\t\t\t\t\t\t\t\t\t\t<\/div>\n\n\t\t\t\t\t\n\t\t\t\t\t\t\t\t\t\t\t\t\t\t<\/div>\n\t\t\t<\/div>\n\t\t<\/a>\n\t\t\t\t\t\t<\/div>\n\t\t\t\t<\/div>\n\t\t\t\t\t<\/div>\n\t\t<\/div>\n\t\t\t\t\t<\/div>\n\t\t<\/section>\n\t\t\t\t<section class=\"elementor-section elementor-inner-section elementor-element elementor-element-418b0155 elementor-section-boxed elementor-section-height-default elementor-section-height-default\" data-id=\"418b0155\" data-element_type=\"section\">\n\t\t\t\t\t\t<div class=\"elementor-container elementor-column-gap-default\">\n\t\t\t\t\t<div class=\"elementor-column elementor-col-33 elementor-inner-column elementor-element elementor-element-4677e9cb\" data-id=\"4677e9cb\" data-element_type=\"column\">\n\t\t\t<div class=\"elementor-widget-wrap elementor-element-populated\">\n\t\t\t\t\t\t<div class=\"elementor-element elementor-element-2b1f6502 pp-info-box-top elementor-widget elementor-widget-pp-info-box\" data-id=\"2b1f6502\" data-element_type=\"widget\" data-widget_type=\"pp-info-box.default\">\n\t\t\t\t<div class=\"elementor-widget-container\">\n\t\t\t\t\t\t\t<a class=\"pp-info-box-container\" href=\"https:\/\/www.paulofreitasribeiro.adv.br\/en\/direito-penal-ambiental\/\">\n\t\t\t<div class=\"pp-info-box\">\n\t\t\t\t\t\t\t\t\t<div class=\"pp-info-box-icon-wrap\">\n\t\t\t\t\t\t\t\t\t\t\t\t\t\t<span class=\"pp-info-box-icon pp-icon\">\n\t\t\t<img loading=\"lazy\" decoding=\"async\" width=\"1000\" height=\"667\" src=\"https:\/\/www.paulofreitasribeiro.adv.br\/en\/wp-content\/uploads\/2025\/06\/974.jpg\" class=\"attachment-full size-full wp-image-1726\" alt=\"\" srcset=\"https:\/\/www.paulofreitasribeiro.adv.br\/en\/wp-content\/uploads\/2025\/06\/974.jpg 1000w, https:\/\/www.paulofreitasribeiro.adv.br\/en\/wp-content\/uploads\/2025\/06\/974-300x200.jpg 300w, https:\/\/www.paulofreitasribeiro.adv.br\/en\/wp-content\/uploads\/2025\/06\/974-768x512.jpg 768w\" sizes=\"(max-width: 1000px) 100vw, 1000px\" \/>\t\t<\/span>\n\t\t\t\t\t\t\t\t\t\t\t\t\t<\/div>\n\t\t\t\t\t\t\t\t<div class=\"pp-info-box-content\">\n\t\t\t\t\t<div class=\"pp-info-box-title-wrap\">\n\t\t\t\t\t\t\t\t\t\t\t\t\t<div class=\"pp-info-box-title-container\">\n\t\t\t\t\t\t\t\t<h4 class=\"pp-info-box-title\">\n\t\t\t\t\t\t\t\t\tEnvironmental <br>Criminal Law<br><br>\t\t\t\t\t\t\t\t<\/h4>\n\t\t\t\t\t\t\t<\/div>\n\t\t\t\t\t\t\t\t\t\t\t\t<\/div>\n\n\t\t\t\t\t\n\t\t\t\t\t\t\t\t\t\t\t\t\t\t<\/div>\n\t\t\t<\/div>\n\t\t<\/a>\n\t\t\t\t\t\t<\/div>\n\t\t\t\t<\/div>\n\t\t\t\t\t<\/div>\n\t\t<\/div>\n\t\t\t\t<div class=\"elementor-column elementor-col-33 elementor-inner-column elementor-element elementor-element-1d495d24\" data-id=\"1d495d24\" data-element_type=\"column\">\n\t\t\t<div class=\"elementor-widget-wrap elementor-element-populated\">\n\t\t\t\t\t\t<div class=\"elementor-element elementor-element-564f532d pp-info-box-top elementor-widget elementor-widget-pp-info-box\" data-id=\"564f532d\" data-element_type=\"widget\" data-widget_type=\"pp-info-box.default\">\n\t\t\t\t<div class=\"elementor-widget-container\">\n\t\t\t\t\t\t\t<a class=\"pp-info-box-container\" href=\"https:\/\/www.paulofreitasribeiro.adv.br\/en\/compliance-e-legislacao-anticorrupcao\/\">\n\t\t\t<div class=\"pp-info-box\">\n\t\t\t\t\t\t\t\t\t<div class=\"pp-info-box-icon-wrap\">\n\t\t\t\t\t\t\t\t\t\t\t\t\t\t<span class=\"pp-info-box-icon pp-icon\">\n\t\t\t<img loading=\"lazy\" decoding=\"async\" width=\"1200\" height=\"800\" src=\"https:\/\/www.paulofreitasribeiro.adv.br\/en\/wp-content\/uploads\/2025\/02\/WhatsApp-Image-2025-02-25-at-12.49.36.jpeg\" class=\"attachment-full size-full wp-image-187\" alt=\"\" srcset=\"https:\/\/www.paulofreitasribeiro.adv.br\/en\/wp-content\/uploads\/2025\/02\/WhatsApp-Image-2025-02-25-at-12.49.36.jpeg 1200w, https:\/\/www.paulofreitasribeiro.adv.br\/en\/wp-content\/uploads\/2025\/02\/WhatsApp-Image-2025-02-25-at-12.49.36-300x200.jpeg 300w, https:\/\/www.paulofreitasribeiro.adv.br\/en\/wp-content\/uploads\/2025\/02\/WhatsApp-Image-2025-02-25-at-12.49.36-1024x683.jpeg 1024w, https:\/\/www.paulofreitasribeiro.adv.br\/en\/wp-content\/uploads\/2025\/02\/WhatsApp-Image-2025-02-25-at-12.49.36-768x512.jpeg 768w\" sizes=\"(max-width: 1200px) 100vw, 1200px\" \/>\t\t<\/span>\n\t\t\t\t\t\t\t\t\t\t\t\t\t<\/div>\n\t\t\t\t\t\t\t\t<div class=\"pp-info-box-content\">\n\t\t\t\t\t<div class=\"pp-info-box-title-wrap\">\n\t\t\t\t\t\t\t\t\t\t\t\t\t<div class=\"pp-info-box-title-container\">\n\t\t\t\t\t\t\t\t<h4 class=\"pp-info-box-title\">\n\t\t\t\t\t\t\t\t\tCompliance &amp; <br>Anti-Corruption Legislation\t\t\t\t\t\t\t\t<\/h4>\n\t\t\t\t\t\t\t<\/div>\n\t\t\t\t\t\t\t\t\t\t\t\t<\/div>\n\n\t\t\t\t\t\n\t\t\t\t\t\t\t\t\t\t\t\t\t\t<\/div>\n\t\t\t<\/div>\n\t\t<\/a>\n\t\t\t\t\t\t<\/div>\n\t\t\t\t<\/div>\n\t\t\t\t\t<\/div>\n\t\t<\/div>\n\t\t\t\t<div class=\"elementor-column elementor-col-33 elementor-inner-column elementor-element elementor-element-1bc17c64\" data-id=\"1bc17c64\" data-element_type=\"column\">\n\t\t\t<div class=\"elementor-widget-wrap elementor-element-populated\">\n\t\t\t\t\t\t<div class=\"elementor-element elementor-element-32fa8986 pp-info-box-top elementor-widget elementor-widget-pp-info-box\" data-id=\"32fa8986\" data-element_type=\"widget\" data-widget_type=\"pp-info-box.default\">\n\t\t\t\t<div class=\"elementor-widget-container\">\n\t\t\t\t\t\t\t<a class=\"pp-info-box-container\" href=\"https:\/\/www.paulofreitasribeiro.adv.br\/en\/elaboracao-de-pareceres-juridicos\/\">\n\t\t\t<div class=\"pp-info-box\">\n\t\t\t\t\t\t\t\t\t<div class=\"pp-info-box-icon-wrap\">\n\t\t\t\t\t\t\t\t\t\t\t\t\t\t<span class=\"pp-info-box-icon pp-icon\">\n\t\t\t<img loading=\"lazy\" decoding=\"async\" width=\"2560\" height=\"1707\" src=\"https:\/\/www.paulofreitasribeiro.adv.br\/en\/wp-content\/uploads\/2025\/06\/ESCR-PFREITAS_-5-_1_-scaled.webp\" class=\"attachment-full size-full wp-image-1562\" alt=\"\" srcset=\"https:\/\/www.paulofreitasribeiro.adv.br\/en\/wp-content\/uploads\/2025\/06\/ESCR-PFREITAS_-5-_1_-scaled.webp 2560w, https:\/\/www.paulofreitasribeiro.adv.br\/en\/wp-content\/uploads\/2025\/06\/ESCR-PFREITAS_-5-_1_-300x200.webp 300w, https:\/\/www.paulofreitasribeiro.adv.br\/en\/wp-content\/uploads\/2025\/06\/ESCR-PFREITAS_-5-_1_-1024x683.webp 1024w, https:\/\/www.paulofreitasribeiro.adv.br\/en\/wp-content\/uploads\/2025\/06\/ESCR-PFREITAS_-5-_1_-768x512.webp 768w, https:\/\/www.paulofreitasribeiro.adv.br\/en\/wp-content\/uploads\/2025\/06\/ESCR-PFREITAS_-5-_1_-1536x1024.webp 1536w, https:\/\/www.paulofreitasribeiro.adv.br\/en\/wp-content\/uploads\/2025\/06\/ESCR-PFREITAS_-5-_1_-2048x1365.webp 2048w\" sizes=\"(max-width: 2560px) 100vw, 2560px\" \/>\t\t<\/span>\n\t\t\t\t\t\t\t\t\t\t\t\t\t<\/div>\n\t\t\t\t\t\t\t\t<div class=\"pp-info-box-content\">\n\t\t\t\t\t<div class=\"pp-info-box-title-wrap\">\n\t\t\t\t\t\t\t\t\t\t\t\t\t<div class=\"pp-info-box-title-container\">\n\t\t\t\t\t\t\t\t<h4 class=\"pp-info-box-title\">\n\t\t\t\t\t\t\t\t\tLegal <br>Opinions<br><br>\t\t\t\t\t\t\t\t<\/h4>\n\t\t\t\t\t\t\t<\/div>\n\t\t\t\t\t\t\t\t\t\t\t\t<\/div>\n\n\t\t\t\t\t\n\t\t\t\t\t\t\t\t\t\t\t\t\t\t<\/div>\n\t\t\t<\/div>\n\t\t<\/a>\n\t\t\t\t\t\t<\/div>\n\t\t\t\t<\/div>\n\t\t\t\t\t<\/div>\n\t\t<\/div>\n\t\t\t\t\t<\/div>\n\t\t<\/section>\n\t\t\t\t\t<\/div>\n\t\t<\/div>\n\t\t\t\t\t<\/div>\n\t\t<\/section>\n\t\t\t\t<\/div>\n\t\t","protected":false},"excerpt":{"rendered":"<p>Practice Areas Criminal Law White-Collar Crime Corporate Criminal Advisory and Crisis Management Environmental Criminal Law Compliance &amp; Anti-Corruption Legislation Legal Opinions<\/p>\n","protected":false},"author":2,"featured_media":0,"parent":0,"menu_order":0,"comment_status":"closed","ping_status":"closed","template":"elementor_header_footer","meta":{"_eb_attr":"","footnotes":""},"class_list":["post-429","page","type-page","status-publish","hentry"],"_links":{"self":[{"href":"https:\/\/www.paulofreitasribeiro.adv.br\/en\/wp-json\/wp\/v2\/pages\/429","targetHints":{"allow":["GET"]}}],"collection":[{"href":"https:\/\/www.paulofreitasribeiro.adv.br\/en\/wp-json\/wp\/v2\/pages"}],"about":[{"href":"https:\/\/www.paulofreitasribeiro.adv.br\/en\/wp-json\/wp\/v2\/types\/page"}],"author":[{"embeddable":true,"href":"https:\/\/www.paulofreitasribeiro.adv.br\/en\/wp-json\/wp\/v2\/users\/2"}],"replies":[{"embeddable":true,"href":"https:\/\/www.paulofreitasribeiro.adv.br\/en\/wp-json\/wp\/v2\/comments?post=429"}],"version-history":[{"count":80,"href":"https:\/\/www.paulofreitasribeiro.adv.br\/en\/wp-json\/wp\/v2\/pages\/429\/revisions"}],"predecessor-version":[{"id":1910,"href":"https:\/\/www.paulofreitasribeiro.adv.br\/en\/wp-json\/wp\/v2\/pages\/429\/revisions\/1910"}],"wp:attachment":[{"href":"https:\/\/www.paulofreitasribeiro.adv.br\/en\/wp-json\/wp\/v2\/media?parent=429"}],"curies":[{"name":"wp","href":"https:\/\/api.w.org\/{rel}","templated":true}]}}