{"id":829,"date":"2025-04-17T15:13:53","date_gmt":"2025-04-17T18:13:53","guid":{"rendered":"https:\/\/www.paulofreitasribeiro.adv.br\/en\/?page_id=829"},"modified":"2025-06-26T11:45:58","modified_gmt":"2025-06-26T14:45:58","slug":"elaboracao-de-pareceres-juridicos","status":"publish","type":"page","link":"https:\/\/www.paulofreitasribeiro.adv.br\/en\/elaboracao-de-pareceres-juridicos\/","title":{"rendered":"Elabora\u00e7\u00e3o de Pareceres Jur\u00eddicos"},"content":{"rendered":"\t\t<div data-elementor-type=\"wp-page\" data-elementor-id=\"829\" class=\"elementor elementor-829\" data-elementor-post-type=\"page\">\n\t\t\t\t\t\t<section class=\"elementor-section elementor-top-section elementor-element elementor-element-3beb6d4f elementor-section-boxed elementor-section-height-default elementor-section-height-default\" data-id=\"3beb6d4f\" data-element_type=\"section\" data-settings=\"{&quot;background_background&quot;:&quot;classic&quot;}\">\n\t\t\t\t\t\t\t<div class=\"elementor-background-overlay\"><\/div>\n\t\t\t\t\t\t\t<div class=\"elementor-container elementor-column-gap-default\">\n\t\t\t\t\t<div class=\"elementor-column elementor-col-100 elementor-top-column elementor-element elementor-element-1493531e\" data-id=\"1493531e\" data-element_type=\"column\">\n\t\t\t<div class=\"elementor-widget-wrap elementor-element-populated\">\n\t\t\t\t\t\t<div class=\"elementor-element elementor-element-628444e9 elementor-widget elementor-widget-heading\" data-id=\"628444e9\" data-element_type=\"widget\" data-widget_type=\"heading.default\">\n\t\t\t\t<div class=\"elementor-widget-container\">\n\t\t\t\t\t<h1 class=\"elementor-heading-title elementor-size-default\">Practice Areas<\/h1>\t\t\t\t<\/div>\n\t\t\t\t<\/div>\n\t\t\t\t\t<\/div>\n\t\t<\/div>\n\t\t\t\t\t<\/div>\n\t\t<\/section>\n\t\t\t\t<section class=\"elementor-section elementor-top-section elementor-element elementor-element-644fbb68 elementor-section-boxed elementor-section-height-default elementor-section-height-default\" data-id=\"644fbb68\" data-element_type=\"section\" data-settings=\"{&quot;background_background&quot;:&quot;classic&quot;}\">\n\t\t\t\t\t\t<div class=\"elementor-container elementor-column-gap-default\">\n\t\t\t\t\t<div class=\"elementor-column elementor-col-100 elementor-top-column elementor-element elementor-element-53afd5d6\" data-id=\"53afd5d6\" data-element_type=\"column\">\n\t\t\t<div class=\"elementor-widget-wrap elementor-element-populated\">\n\t\t\t\t\t\t<div class=\"elementor-element elementor-element-75943de0 elementor-widget elementor-widget-heading\" data-id=\"75943de0\" data-element_type=\"widget\" data-widget_type=\"heading.default\">\n\t\t\t\t<div class=\"elementor-widget-container\">\n\t\t\t\t\t<h2 class=\"elementor-heading-title elementor-size-default\">Legal Opinions<\/h2>\t\t\t\t<\/div>\n\t\t\t\t<\/div>\n\t\t\t\t<div class=\"elementor-element elementor-element-2cae6e72 elementor-widget elementor-widget-text-editor\" data-id=\"2cae6e72\" data-element_type=\"widget\" data-widget_type=\"text-editor.default\">\n\t\t\t\t<div class=\"elementor-widget-container\">\n\t\t\t\t\t\t\t\t\t<p>Our firm prepares legal opinions focused on in-depth analysis of matters related to Criminal Law. These documents are developed with technical precision and supported by legal doctrine and case law, aiming to guide strategic decision-making by individuals and corporate clients.<\/p>\t\t\t\t\t\t\t\t<\/div>\n\t\t\t\t<\/div>\n\t\t\t\t\t<\/div>\n\t\t<\/div>\n\t\t\t\t\t<\/div>\n\t\t<\/section>\n\t\t\t\t<\/div>\n\t\t","protected":false},"excerpt":{"rendered":"<p>Practice Areas Legal Opinions Our firm prepares legal opinions focused on in-depth analysis of matters related to Criminal Law. These documents are developed with technical precision and supported by legal doctrine and case law, aiming to guide strategic decision-making by individuals and corporate clients.<\/p>\n","protected":false},"author":2,"featured_media":0,"parent":0,"menu_order":0,"comment_status":"closed","ping_status":"closed","template":"elementor_header_footer","meta":{"_eb_attr":"","footnotes":""},"class_list":["post-829","page","type-page","status-publish","hentry"],"_links":{"self":[{"href":"https:\/\/www.paulofreitasribeiro.adv.br\/en\/wp-json\/wp\/v2\/pages\/829","targetHints":{"allow":["GET"]}}],"collection":[{"href":"https:\/\/www.paulofreitasribeiro.adv.br\/en\/wp-json\/wp\/v2\/pages"}],"about":[{"href":"https:\/\/www.paulofreitasribeiro.adv.br\/en\/wp-json\/wp\/v2\/types\/page"}],"author":[{"embeddable":true,"href":"https:\/\/www.paulofreitasribeiro.adv.br\/en\/wp-json\/wp\/v2\/users\/2"}],"replies":[{"embeddable":true,"href":"https:\/\/www.paulofreitasribeiro.adv.br\/en\/wp-json\/wp\/v2\/comments?post=829"}],"version-history":[{"count":19,"href":"https:\/\/www.paulofreitasribeiro.adv.br\/en\/wp-json\/wp\/v2\/pages\/829\/revisions"}],"predecessor-version":[{"id":1758,"href":"https:\/\/www.paulofreitasribeiro.adv.br\/en\/wp-json\/wp\/v2\/pages\/829\/revisions\/1758"}],"wp:attachment":[{"href":"https:\/\/www.paulofreitasribeiro.adv.br\/en\/wp-json\/wp\/v2\/media?parent=829"}],"curies":[{"name":"wp","href":"https:\/\/api.w.org\/{rel}","templated":true}]}}