{"id":834,"date":"2025-04-17T15:16:29","date_gmt":"2025-04-17T18:16:29","guid":{"rendered":"https:\/\/www.paulofreitasribeiro.adv.br\/en\/?page_id=834"},"modified":"2025-06-26T11:45:41","modified_gmt":"2025-06-26T14:45:41","slug":"compliance-e-legislacao-anticorrupcao","status":"publish","type":"page","link":"https:\/\/www.paulofreitasribeiro.adv.br\/en\/compliance-e-legislacao-anticorrupcao\/","title":{"rendered":"Compliance e Legisla\u00e7\u00e3o Anticorrup\u00e7\u00e3o"},"content":{"rendered":"\t\t<div data-elementor-type=\"wp-page\" data-elementor-id=\"834\" class=\"elementor elementor-834\" data-elementor-post-type=\"page\">\n\t\t\t\t\t\t<section class=\"elementor-section elementor-top-section elementor-element elementor-element-3beb6d4f elementor-section-boxed elementor-section-height-default elementor-section-height-default\" data-id=\"3beb6d4f\" data-element_type=\"section\" data-settings=\"{&quot;background_background&quot;:&quot;classic&quot;}\">\n\t\t\t\t\t\t\t<div class=\"elementor-background-overlay\"><\/div>\n\t\t\t\t\t\t\t<div class=\"elementor-container elementor-column-gap-default\">\n\t\t\t\t\t<div class=\"elementor-column elementor-col-100 elementor-top-column elementor-element elementor-element-1493531e\" data-id=\"1493531e\" data-element_type=\"column\">\n\t\t\t<div class=\"elementor-widget-wrap elementor-element-populated\">\n\t\t\t\t\t\t<div class=\"elementor-element elementor-element-628444e9 elementor-widget elementor-widget-heading\" data-id=\"628444e9\" data-element_type=\"widget\" data-widget_type=\"heading.default\">\n\t\t\t\t<div class=\"elementor-widget-container\">\n\t\t\t\t\t<h1 class=\"elementor-heading-title elementor-size-default\">Practice Areas<\/h1>\t\t\t\t<\/div>\n\t\t\t\t<\/div>\n\t\t\t\t\t<\/div>\n\t\t<\/div>\n\t\t\t\t\t<\/div>\n\t\t<\/section>\n\t\t\t\t<section class=\"elementor-section elementor-top-section elementor-element elementor-element-644fbb68 elementor-section-boxed elementor-section-height-default elementor-section-height-default\" data-id=\"644fbb68\" data-element_type=\"section\" data-settings=\"{&quot;background_background&quot;:&quot;classic&quot;}\">\n\t\t\t\t\t\t<div class=\"elementor-container elementor-column-gap-default\">\n\t\t\t\t\t<div class=\"elementor-column elementor-col-100 elementor-top-column elementor-element elementor-element-53afd5d6\" data-id=\"53afd5d6\" data-element_type=\"column\">\n\t\t\t<div class=\"elementor-widget-wrap elementor-element-populated\">\n\t\t\t\t\t\t<div class=\"elementor-element elementor-element-75943de0 elementor-widget elementor-widget-heading\" data-id=\"75943de0\" data-element_type=\"widget\" data-widget_type=\"heading.default\">\n\t\t\t\t<div class=\"elementor-widget-container\">\n\t\t\t\t\t<h2 class=\"elementor-heading-title elementor-size-default\">Compliance and Anti-Corruption Legislation<\/h2>\t\t\t\t<\/div>\n\t\t\t\t<\/div>\n\t\t\t\t<div class=\"elementor-element elementor-element-2cae6e72 elementor-widget elementor-widget-text-editor\" data-id=\"2cae6e72\" data-element_type=\"widget\" data-widget_type=\"text-editor.default\">\n\t\t\t\t<div class=\"elementor-widget-container\">\n\t\t\t\t\t\t\t\t\t<p>Our firm advises on the development and review of compliance programs aimed at preventing ethical and legal risks, with particular attention to those that may lead to the liability of companies and their representatives. Our services include the creation and enhancement of codes of conduct, internal policies and procedures, whistleblowing channels, and mechanisms for training, awareness, and monitoring.<\/p><p>These programs are tailored to each client, taking into account the specifics of the sector, the company\u2019s profile, and the particular risks associated with its business activities, always with a focus on fostering a culture of integrity and preventing unlawful conduct.<\/p><p>The enactment of Law No. 12.846\/2013 (the Brazilian Anti-Corruption Law) has reinforced the role of compliance programs as essential tools for risk mitigation and as relevant factors in the assessment of potential corporate liability, including in the context of leniency agreements.<\/p>\t\t\t\t\t\t\t\t<\/div>\n\t\t\t\t<\/div>\n\t\t\t\t\t<\/div>\n\t\t<\/div>\n\t\t\t\t\t<\/div>\n\t\t<\/section>\n\t\t\t\t<\/div>\n\t\t","protected":false},"excerpt":{"rendered":"<p>Practice Areas Compliance and Anti-Corruption Legislation Our firm advises on the development and review of compliance programs aimed at preventing ethical and legal risks, with particular attention to those that may lead to the liability of companies and their representatives. Our services include the creation and enhancement of codes of conduct, internal policies and procedures, [&hellip;]<\/p>\n","protected":false},"author":2,"featured_media":0,"parent":0,"menu_order":0,"comment_status":"closed","ping_status":"closed","template":"elementor_header_footer","meta":{"_eb_attr":"","footnotes":""},"class_list":["post-834","page","type-page","status-publish","hentry"],"_links":{"self":[{"href":"https:\/\/www.paulofreitasribeiro.adv.br\/en\/wp-json\/wp\/v2\/pages\/834","targetHints":{"allow":["GET"]}}],"collection":[{"href":"https:\/\/www.paulofreitasribeiro.adv.br\/en\/wp-json\/wp\/v2\/pages"}],"about":[{"href":"https:\/\/www.paulofreitasribeiro.adv.br\/en\/wp-json\/wp\/v2\/types\/page"}],"author":[{"embeddable":true,"href":"https:\/\/www.paulofreitasribeiro.adv.br\/en\/wp-json\/wp\/v2\/users\/2"}],"replies":[{"embeddable":true,"href":"https:\/\/www.paulofreitasribeiro.adv.br\/en\/wp-json\/wp\/v2\/comments?post=834"}],"version-history":[{"count":22,"href":"https:\/\/www.paulofreitasribeiro.adv.br\/en\/wp-json\/wp\/v2\/pages\/834\/revisions"}],"predecessor-version":[{"id":1755,"href":"https:\/\/www.paulofreitasribeiro.adv.br\/en\/wp-json\/wp\/v2\/pages\/834\/revisions\/1755"}],"wp:attachment":[{"href":"https:\/\/www.paulofreitasribeiro.adv.br\/en\/wp-json\/wp\/v2\/media?parent=834"}],"curies":[{"name":"wp","href":"https:\/\/api.w.org\/{rel}","templated":true}]}}